{"id":116,"date":"2026-03-15T17:17:17","date_gmt":"2026-03-15T17:17:17","guid":{"rendered":"https:\/\/www.rhinomx.com.br\/?page_id=116"},"modified":"2026-03-21T14:41:04","modified_gmt":"2026-03-21T14:41:04","slug":"inicio","status":"publish","type":"page","link":"https:\/\/www.rhinomx.com.br\/?page_id=116","title":{"rendered":"In\u00edcio"},"content":{"rendered":"\t\t<div data-elementor-type=\"wp-page\" data-elementor-id=\"116\" class=\"elementor elementor-116\">\n\t\t\t\t<div class=\"elementor-element elementor-element-b4ed579 e-con-full e-flex e-con e-parent\" data-id=\"b4ed579\" data-element_type=\"container\" data-e-type=\"container\" data-settings=\"{&quot;background_background&quot;:&quot;classic&quot;}\">\n\t\t<div class=\"elementor-element elementor-element-e9a7c63 e-con-full e-flex e-con e-child\" data-id=\"e9a7c63\" data-element_type=\"container\" data-e-type=\"container\">\n\t\t\t\t<div class=\"elementor-element elementor-element-8e7b81d elementor-widget-mobile__width-initial elementor-widget elementor-widget-heading\" data-id=\"8e7b81d\" data-element_type=\"widget\" data-e-type=\"widget\" data-widget_type=\"heading.default\">\n\t\t\t\t\t<h2 class=\"elementor-heading-title elementor-size-default\">No Limits. Just Ride.<\/h2>\t\t\t\t<\/div>\n\t\t\t\t<div class=\"elementor-element elementor-element-e93253f elementor-widget__width-initial elementor-widget elementor-widget-text-editor\" data-id=\"e93253f\" data-element_type=\"widget\" data-e-type=\"widget\" data-widget_type=\"text-editor.default\">\n\t\t\t\t\t\t\t\t\t<p>Bem vindo<\/p>\t\t\t\t\t\t\t\t<\/div>\n\t\t\t\t<\/div>\n\t\t\t\t<\/div>\n\t\t<div class=\"elementor-element elementor-element-7db7132 e-flex e-con-boxed e-con e-parent\" data-id=\"7db7132\" data-element_type=\"container\" data-e-type=\"container\" data-settings=\"{&quot;background_background&quot;:&quot;gradient&quot;}\">\n\t\t\t\t\t<div class=\"e-con-inner\">\n\t\t\t\t<div class=\"elementor-element elementor-element-d6e43bf elementor-widget elementor-widget-heading\" data-id=\"d6e43bf\" data-element_type=\"widget\" data-e-type=\"widget\" data-widget_type=\"heading.default\">\n\t\t\t\t\t<h2 class=\"elementor-heading-title elementor-size-default\">Na RHINO, cada detalhe \u00e9 sobre voc\u00ea Piloto<\/h2>\t\t\t\t<\/div>\n\t\t\t\t\t<\/div>\n\t\t\t\t<\/div>\n\t\t<div class=\"elementor-element elementor-element-0d2da28 e-flex e-con-boxed e-con e-parent\" data-id=\"0d2da28\" data-element_type=\"container\" data-e-type=\"container\" data-settings=\"{&quot;background_background&quot;:&quot;gradient&quot;}\">\n\t\t\t\t\t<div class=\"e-con-inner\">\n\t\t<div class=\"elementor-element elementor-element-b86743b e-con-full e-flex e-con e-child\" data-id=\"b86743b\" data-element_type=\"container\" data-e-type=\"container\">\n\t\t\t\t<div class=\"elementor-element elementor-element-6cd0c86 elementor-widget elementor-widget-text-editor\" data-id=\"6cd0c86\" data-element_type=\"widget\" data-e-type=\"widget\" data-widget_type=\"text-editor.default\">\n\t\t\t\t\t\t\t\t\t<p>Desenvolvemos produtos com o que h\u00e1 de mais atual em tecnologia t\u00eaxtil, selecionando os melhores materiais para entregar o m\u00e1ximo desempenho, em qualquer condi\u00e7\u00e3o.<\/p><p>Nosso compromisso vai al\u00e9m do design marcante. Criamos equipamentos de prote\u00e7\u00e3o que oferecem mobilidade total sem abrir m\u00e3o da prote\u00e7\u00e3o, acompanhando o piloto a cada curva, a cada desafio, seja nas trilhas ou nas pistas.<\/p><p>Cada pe\u00e7a \u00e9 constru\u00edda para suportar a intensidade da sua pilotagem.<\/p><p>RHINO \u00e9 mais que equipamentos.<\/p>\t\t\t\t\t\t\t\t<\/div>\n\t\t\t\t<\/div>\n\t\t<div class=\"elementor-element elementor-element-c37b50e e-con-full e-flex e-con e-child\" data-id=\"c37b50e\" data-element_type=\"container\" data-e-type=\"container\">\n\t\t\t\t<div class=\"elementor-element elementor-element-4a6f5f4 elementor-widget__width-inherit elementor-widget elementor-widget-image\" data-id=\"4a6f5f4\" data-element_type=\"widget\" data-e-type=\"widget\" data-widget_type=\"image.default\">\n\t\t\t\t\t\t\t\t\t\t\t\t\t\t\t<img fetchpriority=\"high\" decoding=\"async\" width=\"682\" height=\"1024\" src=\"https:\/\/www.rhinomx.com.br\/wp-content\/uploads\/2026\/03\/1100-682x1024.png\" class=\"attachment-large size-large wp-image-303\" alt=\"\" srcset=\"https:\/\/www.rhinomx.com.br\/wp-content\/uploads\/2026\/03\/1100-682x1024.png 682w, https:\/\/www.rhinomx.com.br\/wp-content\/uploads\/2026\/03\/1100-200x300.png 200w, https:\/\/www.rhinomx.com.br\/wp-content\/uploads\/2026\/03\/1100.png 733w\" sizes=\"(max-width: 682px) 100vw, 682px\" \/>\t\t\t\t\t\t\t\t\t\t\t\t\t\t\t<\/div>\n\t\t\t\t<\/div>\n\t\t\t\t\t<\/div>\n\t\t\t\t<\/div>\n\t\t<div class=\"elementor-element elementor-element-c7132a8 e-flex e-con-boxed e-con e-parent\" data-id=\"c7132a8\" data-element_type=\"container\" data-e-type=\"container\">\n\t\t\t\t\t<div class=\"e-con-inner\">\n\t\t\t\t\t<\/div>\n\t\t\t\t<\/div>\n\t\t\t\t<\/div>\n\t\t","protected":false},"excerpt":{"rendered":"<p>No Limits. Just Ride. Bem vindo Na RHINO, cada detalhe \u00e9 sobre voc\u00ea Piloto Desenvolvemos produtos com o que h\u00e1 de mais atual em tecnologia t\u00eaxtil, selecionando os melhores materiais para entregar o m\u00e1ximo desempenho, em qualquer condi\u00e7\u00e3o. Nosso compromisso vai al\u00e9m do design marcante. Criamos equipamentos de prote\u00e7\u00e3o que oferecem mobilidade total sem abrir [&hellip;]<\/p>\n","protected":false},"author":1,"featured_media":0,"parent":0,"menu_order":0,"comment_status":"closed","ping_status":"closed","template":"elementor_header_footer","meta":{"footnotes":""},"class_list":["post-116","page","type-page","status-publish","hentry"],"_links":{"self":[{"href":"https:\/\/www.rhinomx.com.br\/index.php?rest_route=\/wp\/v2\/pages\/116","targetHints":{"allow":["GET"]}}],"collection":[{"href":"https:\/\/www.rhinomx.com.br\/index.php?rest_route=\/wp\/v2\/pages"}],"about":[{"href":"https:\/\/www.rhinomx.com.br\/index.php?rest_route=\/wp\/v2\/types\/page"}],"author":[{"embeddable":true,"href":"https:\/\/www.rhinomx.com.br\/index.php?rest_route=\/wp\/v2\/users\/1"}],"replies":[{"embeddable":true,"href":"https:\/\/www.rhinomx.com.br\/index.php?rest_route=%2Fwp%2Fv2%2Fcomments&post=116"}],"version-history":[{"count":94,"href":"https:\/\/www.rhinomx.com.br\/index.php?rest_route=\/wp\/v2\/pages\/116\/revisions"}],"predecessor-version":[{"id":313,"href":"https:\/\/www.rhinomx.com.br\/index.php?rest_route=\/wp\/v2\/pages\/116\/revisions\/313"}],"wp:attachment":[{"href":"https:\/\/www.rhinomx.com.br\/index.php?rest_route=%2Fwp%2Fv2%2Fmedia&parent=116"}],"curies":[{"name":"wp","href":"https:\/\/api.w.org\/{rel}","templated":true}]}}